{"id":226,"date":"2016-08-11T10:01:09","date_gmt":"2016-08-11T08:01:09","guid":{"rendered":"http:\/\/www.vandervalkgroup.nl\/de\/taxi\/"},"modified":"2016-09-28T14:59:33","modified_gmt":"2016-09-28T12:59:33","slug":"taxiservice","status":"publish","type":"page","link":"https:\/\/vandervalkgroup.nl\/de\/taxiservice\/","title":{"rendered":"TAXI"},"content":{"rendered":"\n<style type=\"text\/css\" data-created_by=\"avia_inline_auto\" id=\"style-css-av-av_one_full-6126cab7d8fab8d08143dd2dacdf673c\">\n.flex_column.av-av_one_full-6126cab7d8fab8d08143dd2dacdf673c{\nborder-radius:0px 0px 0px 0px;\npadding:0px 0px 0px 0px;\n}\n<\/style>\n<div  class='flex_column av-av_one_full-6126cab7d8fab8d08143dd2dacdf673c av_one_full  avia-builder-el-0  el_before_av_section  avia-builder-el-no-sibling  first flex_column_div av-zero-column-padding  '     ><section  class='av_textblock_section av-av_textblock-0366cc7376be6c9e82a3e9cc8987b64f '   itemscope=\"itemscope\" itemtype=\"https:\/\/schema.org\/CreativeWork\" ><div class='avia_textblock'  itemprop=\"text\" ><h1>VAN DER VALK TAXISERVICE<\/h1>\n<p>Van der Valk Taxiservice ist ein junges Taxiunternehmen, bei dem Service, Zuverl\u00e4ssigkeit und Sicherheit Priorit\u00e4t hat. Danke der zentralen Lage im Herzen des Kennerland sind unsere Taxis schnell und zur vereinbarten Zeit vor Ort. Ob es um eine gesch\u00e4ftliche oder private Fahrt geht, auf Van der Valk k\u00f6nnen Sie immer rechnen!<\/p>\n<\/div><\/section><\/div><\/div><\/div><\/div><!-- close content main div --><\/div><\/div>\n<style type=\"text\/css\" data-created_by=\"avia_inline_auto\" id=\"style-css-av-av_section-ff41ac05a93e8e32371ef37256e2fd1a\">\n.avia-section.av-av_section-ff41ac05a93e8e32371ef37256e2fd1a{\nbackground-color:#2e3031;\nbackground-image:unset;\n}\n<\/style>\n<div id='av_section_1'  class='avia-section av-av_section-ff41ac05a93e8e32371ef37256e2fd1a main_color avia-section-default avia-no-shadow  avia-builder-el-2  el_after_av_one_full  el_before_av_section  avia-bg-style-scroll container_wrap sidebar_right'  ><div class='container av-section-cont-open' ><div class='template-page content  av-content-small alpha units'><div class='post-entry post-entry-type-page post-entry-226'><div class='entry-content-wrapper clearfix'>\n\n<style type=\"text\/css\" data-created_by=\"avia_inline_auto\" id=\"style-css-av-av_one_half-6126cab7d8fab8d08143dd2dacdf673c\">\n.flex_column.av-av_one_half-6126cab7d8fab8d08143dd2dacdf673c{\nborder-radius:0px 0px 0px 0px;\npadding:0px 0px 0px 0px;\n}\n<\/style>\n<div  class='flex_column av-av_one_half-6126cab7d8fab8d08143dd2dacdf673c av_one_half  avia-builder-el-3  el_before_av_one_half  avia-builder-el-first  first flex_column_div av-zero-column-padding  '     ><section  class='av_textblock_section av-av_textblock-0366cc7376be6c9e82a3e9cc8987b64f '   itemscope=\"itemscope\" itemtype=\"https:\/\/schema.org\/CreativeWork\" ><div class='avia_textblock'  itemprop=\"text\" ><h2>ABSPRACHE IST ABSPRACHE<\/h2>\n<p><span style=\"color: #ffffff;\">Bei uns k\u00f6nnen Sie auf einen zuverl\u00e4ssigen Service rechnen. Absprache ist Absprache. Gut zu wissen, wenn Sie einen Flieger bekommen m\u00fcssen oder zeitig bei einem Termin sein m\u00f6chten. Unsere zertifizierten Fahrer kennen den Weg und sorgen daf\u00fcr, dass Sie immer auf dem schnellsten Weg zu Ihrem Zielort gelangen.<\/span><\/p>\n<h3>GR\u00dcN FAHREN<\/h3>\n<p><span style=\"color: #ffffff;\">Van der Valk Taxiservice ist ein junges Unternehmen mit einem Auge f\u00fcr die Umwelt. Unser Fuhrpark besteht aus Hybridwagen, die \u201agr\u00fcn\u2019 fahren und die Umwelt minimal belasten. Wir haben uns f\u00fcr die Zuverl\u00e4ssigkeit und den Komfort von Mercedes-Benz und BMW entschieden. <\/span><\/p>\n<\/div><\/section><\/div>\n<style type=\"text\/css\" data-created_by=\"avia_inline_auto\" id=\"style-css-av-av_one_half-531d5d4d3d3a74d4c56d8363993d8877\">\n.flex_column.av-av_one_half-531d5d4d3d3a74d4c56d8363993d8877{\nborder-radius:0px 0px 0px 0px;\npadding:0px 0px 0px 0px;\n}\n<\/style>\n<div  class='flex_column av-av_one_half-531d5d4d3d3a74d4c56d8363993d8877 av_one_half  avia-builder-el-5  el_after_av_one_half  avia-builder-el-last  flex_column_div av-zero-column-padding  '     ><style type=\"text\/css\" data-created_by=\"avia_inline_auto\" id=\"style-css-av-av_image-8b706f3b1adc89c070c23eb4ecd820e5\">\n.avia-image-container.av-av_image-8b706f3b1adc89c070c23eb4ecd820e5 img.avia_image{\nbox-shadow:none;\n}\n.avia-image-container.av-av_image-8b706f3b1adc89c070c23eb4ecd820e5 .av-image-caption-overlay-center{\ncolor:#ffffff;\n}\n<\/style>\n<div  class='avia-image-container av-av_image-8b706f3b1adc89c070c23eb4ecd820e5 av-styling- avia-align-center  avia-builder-el-6  avia-builder-el-no-sibling '   itemprop=\"image\" itemscope=\"itemscope\" itemtype=\"https:\/\/schema.org\/ImageObject\" ><div class=\"avia-image-container-inner\"><div class=\"avia-image-overlay-wrap\"><img decoding=\"async\" fetchpriority=\"high\" class='wp-image-407 avia-img-lazy-loading-not-407 avia_image ' src=\"https:\/\/vandervalkgroup.nl\/wp-content\/uploads\/2016\/08\/taxiservice-01.jpg\" alt='' title='taxiservice-01'  height=\"520\" width=\"694\"  itemprop=\"thumbnailUrl\" srcset=\"https:\/\/vandervalkgroup.nl\/wp-content\/uploads\/2016\/08\/taxiservice-01.jpg 694w, https:\/\/vandervalkgroup.nl\/wp-content\/uploads\/2016\/08\/taxiservice-01-300x225.jpg 300w, https:\/\/vandervalkgroup.nl\/wp-content\/uploads\/2016\/08\/taxiservice-01-450x337.jpg 450w\" sizes=\"(max-width: 694px) 100vw, 694px\" \/><\/div><\/div><\/div><\/div><\/div><\/div><\/div><!-- close content main div --><\/div><\/div>\n<style type=\"text\/css\" data-created_by=\"avia_inline_auto\" id=\"style-css-av-av_section-e8ed3be71fa31d0f3e3f254843d38984\">\n.avia-section.av-av_section-e8ed3be71fa31d0f3e3f254843d38984{\nbackground-color:#28a0ff;\nbackground-image:unset;\n}\n<\/style>\n<div id='av_section_2'  class='avia-section av-av_section-e8ed3be71fa31d0f3e3f254843d38984 main_color avia-section-default avia-no-border-styling  avia-builder-el-7  el_after_av_section  avia-builder-el-last  avia-bg-style-scroll container_wrap sidebar_right'  ><div class='container av-section-cont-open' ><div class='template-page content  av-content-small alpha units'><div class='post-entry post-entry-type-page post-entry-226'><div class='entry-content-wrapper clearfix'>\n\n<style type=\"text\/css\" data-created_by=\"avia_inline_auto\" id=\"style-css-av-av_one_half-6126cab7d8fab8d08143dd2dacdf673c\">\n.flex_column.av-av_one_half-6126cab7d8fab8d08143dd2dacdf673c{\nborder-radius:0px 0px 0px 0px;\npadding:0px 0px 0px 0px;\n}\n<\/style>\n<div  class='flex_column av-av_one_half-6126cab7d8fab8d08143dd2dacdf673c av_one_half  avia-builder-el-8  el_before_av_one_half  avia-builder-el-first  first flex_column_div av-zero-column-padding  '     ><style type=\"text\/css\" data-created_by=\"avia_inline_auto\" id=\"style-css-av-av_image-d8ffc67d9df9df1022385b07e592b577\">\n.avia-image-container.av-av_image-d8ffc67d9df9df1022385b07e592b577 img.avia_image{\nbox-shadow:none;\n}\n.avia-image-container.av-av_image-d8ffc67d9df9df1022385b07e592b577 .av-image-caption-overlay-center{\ncolor:#ffffff;\n}\n<\/style>\n<div  class='avia-image-container av-av_image-d8ffc67d9df9df1022385b07e592b577 av-styling-no-styling avia-align-  avia-builder-el-9  avia-builder-el-no-sibling '   itemprop=\"image\" itemscope=\"itemscope\" itemtype=\"https:\/\/schema.org\/ImageObject\" ><div class=\"avia-image-container-inner\"><div class=\"avia-image-overlay-wrap\"><img decoding=\"async\" fetchpriority=\"high\" class='wp-image-413 avia-img-lazy-loading-not-413 avia_image ' src=\"https:\/\/vandervalkgroup.nl\/wp-content\/uploads\/2016\/08\/taxiservice-02-1030x515.jpg\" alt='' title='taxiservice-02'  height=\"515\" width=\"1030\"  itemprop=\"thumbnailUrl\" srcset=\"https:\/\/vandervalkgroup.nl\/wp-content\/uploads\/2016\/08\/taxiservice-02-1030x515.jpg 1030w, https:\/\/vandervalkgroup.nl\/wp-content\/uploads\/2016\/08\/taxiservice-02-300x150.jpg 300w, https:\/\/vandervalkgroup.nl\/wp-content\/uploads\/2016\/08\/taxiservice-02-768x384.jpg 768w, https:\/\/vandervalkgroup.nl\/wp-content\/uploads\/2016\/08\/taxiservice-02-705x353.jpg 705w, https:\/\/vandervalkgroup.nl\/wp-content\/uploads\/2016\/08\/taxiservice-02-450x225.jpg 450w, https:\/\/vandervalkgroup.nl\/wp-content\/uploads\/2016\/08\/taxiservice-02.jpg 1188w\" sizes=\"(max-width: 1030px) 100vw, 1030px\" \/><\/div><\/div><\/div><\/div>\n<style type=\"text\/css\" data-created_by=\"avia_inline_auto\" id=\"style-css-av-av_one_half-0aa7055fe62c3622faec82866afbaeb2\">\n.flex_column.av-av_one_half-0aa7055fe62c3622faec82866afbaeb2{\nborder-radius:0px 0px 0px 0px;\npadding:0px 0px 0px 0px;\n}\n<\/style>\n<div  class='flex_column av-av_one_half-0aa7055fe62c3622faec82866afbaeb2 av_one_half  avia-builder-el-10  el_after_av_one_half  avia-builder-el-last  flex_column_div av-zero-column-padding  '     ><section  class='av_textblock_section av-av_textblock-0366cc7376be6c9e82a3e9cc8987b64f '   itemscope=\"itemscope\" itemtype=\"https:\/\/schema.org\/CreativeWork\" ><div class='avia_textblock'  itemprop=\"text\" ><h2><span style=\"color: #000000;\">PROFESSIONELLE AUSSTRAHLUNG<\/span><\/h2>\n<p><span style=\"color: #ffffff;\">Unsere komfortablen Limousinen und Kombis bieten Platz f\u00fcr 1 bis 4 Personen. Wir verf\u00fcgen auch \u00fcber luxuri\u00f6se VIP Busse, die sich f\u00fcr den Transport von maximal 8 Personen eignen. Das traditionelle Taxischild auf dem Dach wurde bewusst weggelassen. Das verleiht den Wagen eine professionellere Ausstrahlung.<\/span><\/p>\n<h3><span style=\"color: #000000;\">\u00dcBERSICHTLICHE RECHNUNG<\/span><\/h3>\n<p><span style=\"color: #ffffff;\">F\u00fcr Gesch\u00e4ftskunden besteht die M\u00f6glichkeit, auf Rechnung zu fahren. Sie erhalten nach der Fahrt eine \u00fcbersichtliche Rechnung an Ihre (Mail)adresse. Nat\u00fcrlich k\u00f6nnen Sie die Fahrt auch bar oder mit Kreditkarte bezahlen.<\/span><\/p>\n<\/div><\/section><\/div><\/div><\/div><\/div><!-- close content main div --><\/div><\/div><div id='after_section_2'  class='main_color av_default_container_wrap container_wrap sidebar_right'  ><div class='container av-section-cont-open' ><div class='template-page content  av-content-small alpha units'><div class='post-entry post-entry-type-page post-entry-226'><div class='entry-content-wrapper clearfix'><\/p>\n","protected":false},"excerpt":{"rendered":"","protected":false},"author":3,"featured_media":0,"parent":0,"menu_order":0,"comment_status":"closed","ping_status":"closed","template":"","meta":{"footnotes":""},"class_list":["post-226","page","type-page","status-publish","hentry"],"yoast_head":"<!-- This site is optimized with the Yoast SEO plugin v27.5 - https:\/\/yoast.com\/product\/yoast-seo-wordpress\/ -->\n<title>Van der Valk Taxiservice<\/title>\n<meta name=\"description\" content=\"Van der Valk Taxiservice ist ein junges Taxiunternehmen, bei dem Service, Zuverl\u00e4ssigkeit und Sicherheit Priorit\u00e4t hat.\" \/>\n<meta name=\"robots\" content=\"index, follow, max-snippet:-1, max-image-preview:large, max-video-preview:-1\" \/>\n<link rel=\"canonical\" href=\"https:\/\/vandervalkgroup.nl\/de\/taxiservice\/\" \/>\n<meta property=\"og:locale\" content=\"de_DE\" \/>\n<meta property=\"og:type\" content=\"article\" \/>\n<meta property=\"og:title\" content=\"Van der Valk Taxiservice\" \/>\n<meta property=\"og:description\" content=\"Van der Valk Taxiservice ist ein junges Taxiunternehmen, bei dem Service, Zuverl\u00e4ssigkeit und Sicherheit Priorit\u00e4t hat.\" \/>\n<meta property=\"og:url\" content=\"https:\/\/vandervalkgroup.nl\/de\/taxiservice\/\" \/>\n<meta property=\"og:site_name\" content=\"Van der Valk Group\" \/>\n<meta property=\"article:modified_time\" content=\"2016-09-28T12:59:33+00:00\" \/>\n<meta name=\"twitter:card\" content=\"summary_large_image\" \/>\n<meta name=\"twitter:label1\" content=\"Gesch\u00e4tzte Lesezeit\" \/>\n\t<meta name=\"twitter:data1\" content=\"4\u00a0Minuten\" \/>\n<script type=\"application\/ld+json\" class=\"yoast-schema-graph\">{\"@context\":\"https:\\\/\\\/schema.org\",\"@graph\":[{\"@type\":\"WebPage\",\"@id\":\"https:\\\/\\\/vandervalkgroup.nl\\\/de\\\/taxiservice\\\/\",\"url\":\"https:\\\/\\\/vandervalkgroup.nl\\\/de\\\/taxiservice\\\/\",\"name\":\"Van der Valk Taxiservice\",\"isPartOf\":{\"@id\":\"https:\\\/\\\/vandervalkgroup.nl\\\/#website\"},\"datePublished\":\"2016-08-11T08:01:09+00:00\",\"dateModified\":\"2016-09-28T12:59:33+00:00\",\"description\":\"Van der Valk Taxiservice ist ein junges Taxiunternehmen, bei dem Service, Zuverl\u00e4ssigkeit und Sicherheit Priorit\u00e4t hat.\",\"breadcrumb\":{\"@id\":\"https:\\\/\\\/vandervalkgroup.nl\\\/de\\\/taxiservice\\\/#breadcrumb\"},\"inLanguage\":\"de\",\"potentialAction\":[{\"@type\":\"ReadAction\",\"target\":[\"https:\\\/\\\/vandervalkgroup.nl\\\/de\\\/taxiservice\\\/\"]}]},{\"@type\":\"BreadcrumbList\",\"@id\":\"https:\\\/\\\/vandervalkgroup.nl\\\/de\\\/taxiservice\\\/#breadcrumb\",\"itemListElement\":[{\"@type\":\"ListItem\",\"position\":1,\"name\":\"Home\",\"item\":\"https:\\\/\\\/vandervalkgroup.nl\\\/de\\\/\"},{\"@type\":\"ListItem\",\"position\":2,\"name\":\"TAXI\"}]},{\"@type\":\"WebSite\",\"@id\":\"https:\\\/\\\/vandervalkgroup.nl\\\/#website\",\"url\":\"https:\\\/\\\/vandervalkgroup.nl\\\/\",\"name\":\"Van der Valk Group\",\"description\":\"Altijd in beweging\",\"potentialAction\":[{\"@type\":\"SearchAction\",\"target\":{\"@type\":\"EntryPoint\",\"urlTemplate\":\"https:\\\/\\\/vandervalkgroup.nl\\\/?s={search_term_string}\"},\"query-input\":{\"@type\":\"PropertyValueSpecification\",\"valueRequired\":true,\"valueName\":\"search_term_string\"}}],\"inLanguage\":\"de\"}]}<\/script>\n<!-- \/ Yoast SEO plugin. -->","yoast_head_json":{"title":"Van der Valk Taxiservice","description":"Van der Valk Taxiservice ist ein junges Taxiunternehmen, bei dem Service, Zuverl\u00e4ssigkeit und Sicherheit Priorit\u00e4t hat.","robots":{"index":"index","follow":"follow","max-snippet":"max-snippet:-1","max-image-preview":"max-image-preview:large","max-video-preview":"max-video-preview:-1"},"canonical":"https:\/\/vandervalkgroup.nl\/de\/taxiservice\/","og_locale":"de_DE","og_type":"article","og_title":"Van der Valk Taxiservice","og_description":"Van der Valk Taxiservice ist ein junges Taxiunternehmen, bei dem Service, Zuverl\u00e4ssigkeit und Sicherheit Priorit\u00e4t hat.","og_url":"https:\/\/vandervalkgroup.nl\/de\/taxiservice\/","og_site_name":"Van der Valk Group","article_modified_time":"2016-09-28T12:59:33+00:00","twitter_card":"summary_large_image","twitter_misc":{"Gesch\u00e4tzte Lesezeit":"4\u00a0Minuten"},"schema":{"@context":"https:\/\/schema.org","@graph":[{"@type":"WebPage","@id":"https:\/\/vandervalkgroup.nl\/de\/taxiservice\/","url":"https:\/\/vandervalkgroup.nl\/de\/taxiservice\/","name":"Van der Valk Taxiservice","isPartOf":{"@id":"https:\/\/vandervalkgroup.nl\/#website"},"datePublished":"2016-08-11T08:01:09+00:00","dateModified":"2016-09-28T12:59:33+00:00","description":"Van der Valk Taxiservice ist ein junges Taxiunternehmen, bei dem Service, Zuverl\u00e4ssigkeit und Sicherheit Priorit\u00e4t hat.","breadcrumb":{"@id":"https:\/\/vandervalkgroup.nl\/de\/taxiservice\/#breadcrumb"},"inLanguage":"de","potentialAction":[{"@type":"ReadAction","target":["https:\/\/vandervalkgroup.nl\/de\/taxiservice\/"]}]},{"@type":"BreadcrumbList","@id":"https:\/\/vandervalkgroup.nl\/de\/taxiservice\/#breadcrumb","itemListElement":[{"@type":"ListItem","position":1,"name":"Home","item":"https:\/\/vandervalkgroup.nl\/de\/"},{"@type":"ListItem","position":2,"name":"TAXI"}]},{"@type":"WebSite","@id":"https:\/\/vandervalkgroup.nl\/#website","url":"https:\/\/vandervalkgroup.nl\/","name":"Van der Valk Group","description":"Altijd in beweging","potentialAction":[{"@type":"SearchAction","target":{"@type":"EntryPoint","urlTemplate":"https:\/\/vandervalkgroup.nl\/?s={search_term_string}"},"query-input":{"@type":"PropertyValueSpecification","valueRequired":true,"valueName":"search_term_string"}}],"inLanguage":"de"}]}},"_links":{"self":[{"href":"https:\/\/vandervalkgroup.nl\/de\/wp-json\/wp\/v2\/pages\/226","targetHints":{"allow":["GET"]}}],"collection":[{"href":"https:\/\/vandervalkgroup.nl\/de\/wp-json\/wp\/v2\/pages"}],"about":[{"href":"https:\/\/vandervalkgroup.nl\/de\/wp-json\/wp\/v2\/types\/page"}],"author":[{"embeddable":true,"href":"https:\/\/vandervalkgroup.nl\/de\/wp-json\/wp\/v2\/users\/3"}],"replies":[{"embeddable":true,"href":"https:\/\/vandervalkgroup.nl\/de\/wp-json\/wp\/v2\/comments?post=226"}],"version-history":[{"count":0,"href":"https:\/\/vandervalkgroup.nl\/de\/wp-json\/wp\/v2\/pages\/226\/revisions"}],"wp:attachment":[{"href":"https:\/\/vandervalkgroup.nl\/de\/wp-json\/wp\/v2\/media?parent=226"}],"curies":[{"name":"wp","href":"https:\/\/api.w.org\/{rel}","templated":true}]}}