{"id":228,"date":"2016-08-11T10:06:08","date_gmt":"2016-08-11T08:06:08","guid":{"rendered":"http:\/\/www.vandervalkgroup.nl\/de\/vip-guards\/"},"modified":"2016-10-12T13:51:52","modified_gmt":"2016-10-12T11:51:52","slug":"vip-guard","status":"publish","type":"page","link":"https:\/\/vandervalkgroup.nl\/de\/vip-guard\/","title":{"rendered":"VIP &#038; GUARD"},"content":{"rendered":"\n<style type=\"text\/css\" data-created_by=\"avia_inline_auto\" id=\"style-css-av-av_one_full-6126cab7d8fab8d08143dd2dacdf673c\">\n.flex_column.av-av_one_full-6126cab7d8fab8d08143dd2dacdf673c{\nborder-radius:0px 0px 0px 0px;\npadding:0px 0px 0px 0px;\n}\n<\/style>\n<div  class='flex_column av-av_one_full-6126cab7d8fab8d08143dd2dacdf673c av_one_full  avia-builder-el-0  el_before_av_section  avia-builder-el-no-sibling  first flex_column_div av-zero-column-padding  '     ><section  class='av_textblock_section av-av_textblock-0366cc7376be6c9e82a3e9cc8987b64f '   itemscope=\"itemscope\" itemtype=\"https:\/\/schema.org\/CreativeWork\" ><div class='avia_textblock'  itemprop=\"text\" ><h1><span style=\"color: #c10f10;\">NEU: VIP &amp; GUARD<\/span><\/h1>\n<h3><span style=\"color: #000000;\">VIP-Taxi mit Personenschutz<\/span><\/h3>\n<p>Van der Valk Taxiservice hat sein Dienstleistungspaket ausgebreitet mit VIP &amp; Guard, qualitativ hochwertiger Transport und auf Wusch Personenschutz nach Ma\u00df. Sicher, diskret und 24 Stunden pro Tag einsatzbereit.<\/p>\n<\/div><\/section><\/div>\n<\/div><\/div><\/div><!-- close content main div --><\/div><\/div>\n<style type=\"text\/css\" data-created_by=\"avia_inline_auto\" id=\"style-css-av-av_section-f386183a3ba118ed3882936d059012a6\">\n.avia-section.av-av_section-f386183a3ba118ed3882936d059012a6{\nbackground-color:#000000;\nbackground-image:unset;\n}\n<\/style>\n<div id='av_section_1'  class='avia-section av-av_section-f386183a3ba118ed3882936d059012a6 main_color avia-section-default avia-no-shadow  avia-builder-el-2  el_after_av_one_full  el_before_av_section  avia-bg-style-scroll container_wrap sidebar_right'  ><div class='container av-section-cont-open' ><div class='template-page content  av-content-small alpha units'><div class='post-entry post-entry-type-page post-entry-228'><div class='entry-content-wrapper clearfix'>\n\n<style type=\"text\/css\" data-created_by=\"avia_inline_auto\" id=\"style-css-av-av_one_half-6126cab7d8fab8d08143dd2dacdf673c\">\n.flex_column.av-av_one_half-6126cab7d8fab8d08143dd2dacdf673c{\nborder-radius:0px 0px 0px 0px;\npadding:0px 0px 0px 0px;\n}\n<\/style>\n<div  class='flex_column av-av_one_half-6126cab7d8fab8d08143dd2dacdf673c av_one_half  avia-builder-el-3  el_before_av_one_half  avia-builder-el-first  first flex_column_div av-zero-column-padding  '     ><section  class='av_textblock_section av-av_textblock-0366cc7376be6c9e82a3e9cc8987b64f '   itemscope=\"itemscope\" itemtype=\"https:\/\/schema.org\/CreativeWork\" ><div class='avia_textblock'  itemprop=\"text\" ><h2><span style=\"color: #b02b2c;\"><span style=\"color: #c10f10;\">NEUER STANDARD F\u00dcR VIP-TRANSPORT<\/span><\/span><\/h2>\n<p><span style=\"color: #ffffff;\">Erpressung, sinnlose Gewalt, Entf\u00fchrung, Terrorbedrohung, Aggression im Verkehr; Es ist im letzten Jahrzehnt nicht sicherer geworden. CEOs, Ber\u00fchmtheiten, Topsportler und Politiker f\u00fchlen sich immer weniger sicher in \u201aeinfachen Taxis\u2019. Nachrichten \u00fcber Gewalt auf und rundum gro\u00dfst\u00e4dtische Taxistandpl\u00e4tze und Terroranschl\u00e4ge in den europ\u00e4ischen St\u00e4dten haben die Frage nach einem h\u00f6heren Sicherheitsstandard erweckt.<\/span><\/p>\n<p><span style=\"color: #ffffff;\">F\u00fcr diese Gruppe reicht ein normales Taxi nicht mehr aus. Mit VIP &amp; Guard stellt Van der Valk einen neuen Standard f\u00fcr VIP-Transporte in die Niederlande vor.<\/span><\/p>\n<\/div><\/section><\/div>\n<style type=\"text\/css\" data-created_by=\"avia_inline_auto\" id=\"style-css-av-av_one_half-0aa7055fe62c3622faec82866afbaeb2\">\n.flex_column.av-av_one_half-0aa7055fe62c3622faec82866afbaeb2{\nborder-radius:0px 0px 0px 0px;\npadding:0px 0px 0px 0px;\n}\n<\/style>\n<div  class='flex_column av-av_one_half-0aa7055fe62c3622faec82866afbaeb2 av_one_half  avia-builder-el-5  el_after_av_one_half  avia-builder-el-last  flex_column_div av-zero-column-padding  '     ><style type=\"text\/css\" data-created_by=\"avia_inline_auto\" id=\"style-css-av-av_image-d4189f10be223ecb757027012ee3c631\">\n.avia-image-container.av-av_image-d4189f10be223ecb757027012ee3c631 img.avia_image{\nbox-shadow:none;\n}\n.avia-image-container.av-av_image-d4189f10be223ecb757027012ee3c631 .av-image-caption-overlay-center{\ncolor:#ffffff;\n}\n<\/style>\n<div  class='avia-image-container av-av_image-d4189f10be223ecb757027012ee3c631 av-styling-no-styling avia-align-center  avia-builder-el-6  avia-builder-el-no-sibling '   itemprop=\"image\" itemscope=\"itemscope\" itemtype=\"https:\/\/schema.org\/ImageObject\" ><div class=\"avia-image-container-inner\"><div class=\"avia-image-overlay-wrap\"><img decoding=\"async\" fetchpriority=\"high\" class='wp-image-520 avia-img-lazy-loading-not-520 avia_image ' src=\"https:\/\/vandervalkgroup.nl\/wp-content\/uploads\/2016\/09\/vandervalkgroup-vip-guard-01-gk-1030x584.jpg\" alt='' title='vandervalkgroup-vip-guard-01-gk'  height=\"584\" width=\"1030\"  itemprop=\"thumbnailUrl\" srcset=\"https:\/\/vandervalkgroup.nl\/wp-content\/uploads\/2016\/09\/vandervalkgroup-vip-guard-01-gk-1030x584.jpg 1030w, https:\/\/vandervalkgroup.nl\/wp-content\/uploads\/2016\/09\/vandervalkgroup-vip-guard-01-gk-300x170.jpg 300w, https:\/\/vandervalkgroup.nl\/wp-content\/uploads\/2016\/09\/vandervalkgroup-vip-guard-01-gk-768x435.jpg 768w, https:\/\/vandervalkgroup.nl\/wp-content\/uploads\/2016\/09\/vandervalkgroup-vip-guard-01-gk-1500x850.jpg 1500w, https:\/\/vandervalkgroup.nl\/wp-content\/uploads\/2016\/09\/vandervalkgroup-vip-guard-01-gk-705x400.jpg 705w, https:\/\/vandervalkgroup.nl\/wp-content\/uploads\/2016\/09\/vandervalkgroup-vip-guard-01-gk-450x255.jpg 450w, https:\/\/vandervalkgroup.nl\/wp-content\/uploads\/2016\/09\/vandervalkgroup-vip-guard-01-gk.jpg 1800w\" sizes=\"(max-width: 1030px) 100vw, 1030px\" \/><\/div><\/div><\/div><\/div>\n\n<\/div><\/div><\/div><!-- close content main div --><\/div><\/div>\n<style type=\"text\/css\" data-created_by=\"avia_inline_auto\" id=\"style-css-av-av_section-c16c6f90f684a6a760db5c075417d300\">\n.avia-section.av-av_section-c16c6f90f684a6a760db5c075417d300{\nbackground-color:#c10f10;\nbackground-image:unset;\n}\n<\/style>\n<div id='av_section_2'  class='avia-section av-av_section-c16c6f90f684a6a760db5c075417d300 main_color avia-section-default avia-no-border-styling  avia-builder-el-7  el_after_av_section  el_before_av_section  avia-bg-style-scroll container_wrap sidebar_right'  ><div class='container av-section-cont-open' ><div class='template-page content  av-content-small alpha units'><div class='post-entry post-entry-type-page post-entry-228'><div class='entry-content-wrapper clearfix'>\n\n<style type=\"text\/css\" data-created_by=\"avia_inline_auto\" id=\"style-css-av-av_one_half-6126cab7d8fab8d08143dd2dacdf673c\">\n.flex_column.av-av_one_half-6126cab7d8fab8d08143dd2dacdf673c{\nborder-radius:0px 0px 0px 0px;\npadding:0px 0px 0px 0px;\n}\n<\/style>\n<div  class='flex_column av-av_one_half-6126cab7d8fab8d08143dd2dacdf673c av_one_half  avia-builder-el-8  el_before_av_one_half  avia-builder-el-first  first flex_column_div av-zero-column-padding  '     ><style type=\"text\/css\" data-created_by=\"avia_inline_auto\" id=\"style-css-av-av_image-50736095657679732ee845c64b575f7c\">\n.avia-image-container.av-av_image-50736095657679732ee845c64b575f7c img.avia_image{\nbox-shadow:none;\n}\n.avia-image-container.av-av_image-50736095657679732ee845c64b575f7c .av-image-caption-overlay-center{\ncolor:#ffffff;\n}\n<\/style>\n<div  class='avia-image-container av-av_image-50736095657679732ee845c64b575f7c av-styling-no-styling avia-align-center  avia-builder-el-9  avia-builder-el-no-sibling '   itemprop=\"image\" itemscope=\"itemscope\" itemtype=\"https:\/\/schema.org\/ImageObject\" ><div class=\"avia-image-container-inner\"><div class=\"avia-image-overlay-wrap\"><img decoding=\"async\" fetchpriority=\"high\" class='wp-image-326 avia-img-lazy-loading-not-326 avia_image ' src=\"https:\/\/vandervalkgroup.nl\/wp-content\/uploads\/2016\/08\/vandervalkgroup-vip-guard-02a-1030x658.jpg\" alt='' title='vandervalkgroup-vip-guard-02a'  height=\"658\" width=\"1030\"  itemprop=\"thumbnailUrl\" srcset=\"https:\/\/vandervalkgroup.nl\/wp-content\/uploads\/2016\/08\/vandervalkgroup-vip-guard-02a-1030x658.jpg 1030w, https:\/\/vandervalkgroup.nl\/wp-content\/uploads\/2016\/08\/vandervalkgroup-vip-guard-02a-300x192.jpg 300w, https:\/\/vandervalkgroup.nl\/wp-content\/uploads\/2016\/08\/vandervalkgroup-vip-guard-02a-768x491.jpg 768w, https:\/\/vandervalkgroup.nl\/wp-content\/uploads\/2016\/08\/vandervalkgroup-vip-guard-02a-1500x958.jpg 1500w, https:\/\/vandervalkgroup.nl\/wp-content\/uploads\/2016\/08\/vandervalkgroup-vip-guard-02a-705x450.jpg 705w, https:\/\/vandervalkgroup.nl\/wp-content\/uploads\/2016\/08\/vandervalkgroup-vip-guard-02a-450x288.jpg 450w, https:\/\/vandervalkgroup.nl\/wp-content\/uploads\/2016\/08\/vandervalkgroup-vip-guard-02a.jpg 1800w\" sizes=\"(max-width: 1030px) 100vw, 1030px\" \/><\/div><\/div><\/div><\/div>\n<style type=\"text\/css\" data-created_by=\"avia_inline_auto\" id=\"style-css-av-av_one_half-0aa7055fe62c3622faec82866afbaeb2\">\n.flex_column.av-av_one_half-0aa7055fe62c3622faec82866afbaeb2{\nborder-radius:0px 0px 0px 0px;\npadding:0px 0px 0px 0px;\n}\n<\/style>\n<div  class='flex_column av-av_one_half-0aa7055fe62c3622faec82866afbaeb2 av_one_half  avia-builder-el-10  el_after_av_one_half  avia-builder-el-last  flex_column_div av-zero-column-padding  '     ><section  class='av_textblock_section av-av_textblock-0366cc7376be6c9e82a3e9cc8987b64f '   itemscope=\"itemscope\" itemtype=\"https:\/\/schema.org\/CreativeWork\" ><div class='avia_textblock'  itemprop=\"text\" ><h2><span style=\"color: #000000;\">SICHERHEIT NACH MASS<\/span><\/h2>\n<p><span style=\"color: #ffffff;\">Mit jedem Kunden von VIP &amp; GUARD, f\u00fcr den unser Personenschutz eingesetzt werden muss, wird vorab ein ausf\u00fchrliches Aufnahmegespr\u00e4ch gef\u00fchrt und eine ausgedehnte Risikoanalyse erstellt. Sowohl f\u00fcr unser eigenes Personal als auch f\u00fcr unsere Kunden handhaben wir den h\u00f6chsten Standard. Das geht auch nicht anders: Sicherheit ist unsere h\u00f6chste Priorit\u00e4t.<\/span><\/p>\n<h2><span style=\"color: #000000;\">SORGF\u00c4LTIG UND DISKRET<\/span><\/h2>\n<p><span style=\"color: #ffffff;\">Wir gehen \u00e4u\u00dferst sorgf\u00e4ltig und diskret vor. Die Strecken werden vorab genau durchgenommen und, wo n\u00f6tig, werden pr\u00e4ventive Observierungen ausgef\u00fchrt. Dar\u00fcber hinaus w\u00e4hlt unser Team von Professionals aus, welcher unserer Personensch\u00fctzer am besten zu Ihnen passt, um so eine optimale Arbeitsbeziehung erstellen zu k\u00f6nnen.<\/span><\/p>\n<\/div><\/section><\/div>\n\n<\/div><\/div><\/div><!-- close content main div --><\/div><\/div>\n<style type=\"text\/css\" data-created_by=\"avia_inline_auto\" id=\"style-css-av-av_section-47e569a09536a6ca7b0d9e0ac3ddd97c\">\n.avia-section.av-av_section-47e569a09536a6ca7b0d9e0ac3ddd97c{\nbackground-color:#000000;\nbackground-image:unset;\n}\n<\/style>\n<div id='av_section_3'  class='avia-section av-av_section-47e569a09536a6ca7b0d9e0ac3ddd97c main_color avia-section-default avia-no-border-styling  avia-builder-el-12  el_after_av_section  el_before_av_section  avia-bg-style-scroll container_wrap sidebar_right'  ><div class='container av-section-cont-open' ><div class='template-page content  av-content-small alpha units'><div class='post-entry post-entry-type-page post-entry-228'><div class='entry-content-wrapper clearfix'>\n\n<style type=\"text\/css\" data-created_by=\"avia_inline_auto\" id=\"style-css-av-av_one_half-6126cab7d8fab8d08143dd2dacdf673c\">\n.flex_column.av-av_one_half-6126cab7d8fab8d08143dd2dacdf673c{\nborder-radius:0px 0px 0px 0px;\npadding:0px 0px 0px 0px;\n}\n<\/style>\n<div  class='flex_column av-av_one_half-6126cab7d8fab8d08143dd2dacdf673c av_one_half  avia-builder-el-13  el_before_av_one_half  avia-builder-el-first  first flex_column_div av-zero-column-padding  '     ><section  class='av_textblock_section av-av_textblock-0366cc7376be6c9e82a3e9cc8987b64f '   itemscope=\"itemscope\" itemtype=\"https:\/\/schema.org\/CreativeWork\" ><div class='avia_textblock'  itemprop=\"text\" ><h2><span style=\"color: #c10f10;\">ZERTIFIZIERTE FAHRER<\/span><\/h2>\n<p><span style=\"color: #ffffff;\">Unsere erfahrenen, zertifizierten Fahrer haben alle einen Hintergrund bei der Polizei und\/oder eine jahrelange Erfahrung als Personensch\u00fctzer. Sie wissen wie kein Anderer, wie sie sich in bedrohenden Situationen verhalten m\u00fcssen.<\/span><\/p>\n<p><span style=\"color: #ffffff;\">Unsere Fahrer sind dar\u00fcber hinaus diskret und \u201aunsichtbar\u2019, aber werden doch daf\u00fcr sorgen, dass es Ihnen an nichts mangelt.<\/span><\/p>\n<\/div><\/section><\/div>\n<style type=\"text\/css\" data-created_by=\"avia_inline_auto\" id=\"style-css-av-av_one_half-0aa7055fe62c3622faec82866afbaeb2\">\n.flex_column.av-av_one_half-0aa7055fe62c3622faec82866afbaeb2{\nborder-radius:0px 0px 0px 0px;\npadding:0px 0px 0px 0px;\n}\n<\/style>\n<div  class='flex_column av-av_one_half-0aa7055fe62c3622faec82866afbaeb2 av_one_half  avia-builder-el-15  el_after_av_one_half  avia-builder-el-last  flex_column_div av-zero-column-padding  '     ><style type=\"text\/css\" data-created_by=\"avia_inline_auto\" id=\"style-css-av-av_image-eacd73c20375f9cdc5809e1cb06cd4f0\">\n.avia-image-container.av-av_image-eacd73c20375f9cdc5809e1cb06cd4f0 img.avia_image{\nbox-shadow:none;\n}\n.avia-image-container.av-av_image-eacd73c20375f9cdc5809e1cb06cd4f0 .av-image-caption-overlay-center{\ncolor:#ffffff;\n}\n<\/style>\n<div  class='avia-image-container av-av_image-eacd73c20375f9cdc5809e1cb06cd4f0 av-styling-no-styling avia-align-center  avia-builder-el-16  avia-builder-el-no-sibling '   itemprop=\"image\" itemscope=\"itemscope\" itemtype=\"https:\/\/schema.org\/ImageObject\" ><div class=\"avia-image-container-inner\"><div class=\"avia-image-overlay-wrap\"><img decoding=\"async\" fetchpriority=\"high\" class='wp-image-308 avia-img-lazy-loading-not-308 avia_image ' src=\"https:\/\/vandervalkgroup.nl\/wp-content\/uploads\/2016\/08\/vandervalkgroup-vip-guard-03-1030x584.jpg\" alt='' title='vandervalkgroup-vip-guard-03'  height=\"584\" width=\"1030\"  itemprop=\"thumbnailUrl\" srcset=\"https:\/\/vandervalkgroup.nl\/wp-content\/uploads\/2016\/08\/vandervalkgroup-vip-guard-03-1030x584.jpg 1030w, https:\/\/vandervalkgroup.nl\/wp-content\/uploads\/2016\/08\/vandervalkgroup-vip-guard-03-300x170.jpg 300w, https:\/\/vandervalkgroup.nl\/wp-content\/uploads\/2016\/08\/vandervalkgroup-vip-guard-03-768x435.jpg 768w, https:\/\/vandervalkgroup.nl\/wp-content\/uploads\/2016\/08\/vandervalkgroup-vip-guard-03-1500x850.jpg 1500w, https:\/\/vandervalkgroup.nl\/wp-content\/uploads\/2016\/08\/vandervalkgroup-vip-guard-03-705x400.jpg 705w, https:\/\/vandervalkgroup.nl\/wp-content\/uploads\/2016\/08\/vandervalkgroup-vip-guard-03-450x255.jpg 450w, https:\/\/vandervalkgroup.nl\/wp-content\/uploads\/2016\/08\/vandervalkgroup-vip-guard-03.jpg 1800w\" sizes=\"(max-width: 1030px) 100vw, 1030px\" \/><\/div><\/div><\/div><\/div>\n\n<\/div><\/div><\/div><!-- close content main div --><\/div><\/div><div id='av_section_4'  class='avia-section av-av_section-d18d8c2c81d10022ebd21ffa95322c35 main_color avia-section-default avia-no-shadow  avia-builder-el-17  el_after_av_section  avia-builder-el-last  avia-bg-style-scroll container_wrap sidebar_right'  ><div class='container av-section-cont-open' ><div class='template-page content  av-content-small alpha units'><div class='post-entry post-entry-type-page post-entry-228'><div class='entry-content-wrapper clearfix'>\n\n<style type=\"text\/css\" data-created_by=\"avia_inline_auto\" id=\"style-css-av-av_one_half-6126cab7d8fab8d08143dd2dacdf673c\">\n.flex_column.av-av_one_half-6126cab7d8fab8d08143dd2dacdf673c{\nborder-radius:0px 0px 0px 0px;\npadding:0px 0px 0px 0px;\n}\n<\/style>\n<div  class='flex_column av-av_one_half-6126cab7d8fab8d08143dd2dacdf673c av_one_half  avia-builder-el-18  el_before_av_one_half  avia-builder-el-first  first flex_column_div av-zero-column-padding  '     ><section  class='av_textblock_section av-av_textblock-0366cc7376be6c9e82a3e9cc8987b64f '   itemscope=\"itemscope\" itemtype=\"https:\/\/schema.org\/CreativeWork\" ><div class='avia_textblock'  itemprop=\"text\" ><h3><span style=\"color: #c10f10;\">SICHER UND STILVOLL<\/span><\/h3>\n<p>BMWs aus der 7er Serie bringen unsere Kunden sicher an ihr Ziel. Sie reisen also nicht nur sicher, sondern auch stilvoll. Nur das Beste ist gut genug bei Van der Valk VIP Taxiservice.<\/p>\n<\/div><\/section><\/div>\n<style type=\"text\/css\" data-created_by=\"avia_inline_auto\" id=\"style-css-av-av_one_half-0aa7055fe62c3622faec82866afbaeb2\">\n.flex_column.av-av_one_half-0aa7055fe62c3622faec82866afbaeb2{\nborder-radius:0px 0px 0px 0px;\npadding:0px 0px 0px 0px;\n}\n<\/style>\n<div  class='flex_column av-av_one_half-0aa7055fe62c3622faec82866afbaeb2 av_one_half  avia-builder-el-20  el_after_av_one_half  avia-builder-el-last  flex_column_div av-zero-column-padding  '     ><section  class='av_textblock_section av-av_textblock-0366cc7376be6c9e82a3e9cc8987b64f '   itemscope=\"itemscope\" itemtype=\"https:\/\/schema.org\/CreativeWork\" ><div class='avia_textblock'  itemprop=\"text\" ><h3><span style=\"color: #c10f10;\">MEHR WISSEN?<\/span><\/h3>\n<p>F\u00fcr mehr Informationen \u00fcber VIP &amp; Guard nehme Sie Kontakt auf \u00fcber:<br \/>\n+31 (0)255 538 000 \/ +31 (0)6 24 129 139 oder <span style=\"color: #c10f10;\"><a style=\"color: #c10f10;\" href=\"mailto:vip@taxivdvalk.nl\">vip@taxivdvalk.nl<\/a><\/span>.<\/p>\n<\/div><\/section><\/div><\/div><\/div><\/div><!-- close content main div --><\/div><\/div><div id='after_section_4'  class='main_color av_default_container_wrap container_wrap sidebar_right'  ><div class='container av-section-cont-open' ><div class='template-page content  av-content-small alpha units'><div class='post-entry post-entry-type-page post-entry-228'><div class='entry-content-wrapper clearfix'>\n","protected":false},"excerpt":{"rendered":"","protected":false},"author":3,"featured_media":0,"parent":0,"menu_order":0,"comment_status":"closed","ping_status":"closed","template":"","meta":{"footnotes":""},"class_list":["post-228","page","type-page","status-publish","hentry"],"yoast_head":"<!-- This site is optimized with the Yoast SEO plugin v27.5 - https:\/\/yoast.com\/product\/yoast-seo-wordpress\/ -->\n<title>VIP &amp; Guard | Van der Valk Taxiservice<\/title>\n<meta name=\"description\" content=\"Van der Valk Taxiservice hat sein Dienstleistungspaket ausgebreitet mit VIP &amp; Guard, qualitativ hochwertiger Transport und auf Wusch Personenschutz nach Ma\u00df.\" \/>\n<meta name=\"robots\" content=\"index, follow, max-snippet:-1, max-image-preview:large, max-video-preview:-1\" \/>\n<link rel=\"canonical\" href=\"https:\/\/vandervalkgroup.nl\/de\/vip-guard\/\" \/>\n<meta property=\"og:locale\" content=\"de_DE\" \/>\n<meta property=\"og:type\" content=\"article\" \/>\n<meta property=\"og:title\" content=\"VIP &amp; Guard | Van der Valk Taxiservice\" \/>\n<meta property=\"og:description\" content=\"Van der Valk Taxiservice hat sein Dienstleistungspaket ausgebreitet mit VIP &amp; Guard, qualitativ hochwertiger Transport und auf Wusch Personenschutz nach Ma\u00df.\" \/>\n<meta property=\"og:url\" content=\"https:\/\/vandervalkgroup.nl\/de\/vip-guard\/\" \/>\n<meta property=\"og:site_name\" content=\"Van der Valk Group\" \/>\n<meta property=\"article:modified_time\" content=\"2016-10-12T11:51:52+00:00\" \/>\n<meta name=\"twitter:card\" content=\"summary_large_image\" \/>\n<meta name=\"twitter:label1\" content=\"Gesch\u00e4tzte Lesezeit\" \/>\n\t<meta name=\"twitter:data1\" content=\"6\u00a0Minuten\" \/>\n<script type=\"application\/ld+json\" class=\"yoast-schema-graph\">{\"@context\":\"https:\\\/\\\/schema.org\",\"@graph\":[{\"@type\":\"WebPage\",\"@id\":\"https:\\\/\\\/vandervalkgroup.nl\\\/de\\\/vip-guard\\\/\",\"url\":\"https:\\\/\\\/vandervalkgroup.nl\\\/de\\\/vip-guard\\\/\",\"name\":\"VIP & Guard | Van der Valk Taxiservice\",\"isPartOf\":{\"@id\":\"https:\\\/\\\/vandervalkgroup.nl\\\/#website\"},\"datePublished\":\"2016-08-11T08:06:08+00:00\",\"dateModified\":\"2016-10-12T11:51:52+00:00\",\"description\":\"Van der Valk Taxiservice hat sein Dienstleistungspaket ausgebreitet mit VIP & Guard, qualitativ hochwertiger Transport und auf Wusch Personenschutz nach Ma\u00df.\",\"breadcrumb\":{\"@id\":\"https:\\\/\\\/vandervalkgroup.nl\\\/de\\\/vip-guard\\\/#breadcrumb\"},\"inLanguage\":\"de\",\"potentialAction\":[{\"@type\":\"ReadAction\",\"target\":[\"https:\\\/\\\/vandervalkgroup.nl\\\/de\\\/vip-guard\\\/\"]}]},{\"@type\":\"BreadcrumbList\",\"@id\":\"https:\\\/\\\/vandervalkgroup.nl\\\/de\\\/vip-guard\\\/#breadcrumb\",\"itemListElement\":[{\"@type\":\"ListItem\",\"position\":1,\"name\":\"Home\",\"item\":\"https:\\\/\\\/vandervalkgroup.nl\\\/de\\\/\"},{\"@type\":\"ListItem\",\"position\":2,\"name\":\"VIP &#038; GUARD\"}]},{\"@type\":\"WebSite\",\"@id\":\"https:\\\/\\\/vandervalkgroup.nl\\\/#website\",\"url\":\"https:\\\/\\\/vandervalkgroup.nl\\\/\",\"name\":\"Van der Valk Group\",\"description\":\"Altijd in beweging\",\"potentialAction\":[{\"@type\":\"SearchAction\",\"target\":{\"@type\":\"EntryPoint\",\"urlTemplate\":\"https:\\\/\\\/vandervalkgroup.nl\\\/?s={search_term_string}\"},\"query-input\":{\"@type\":\"PropertyValueSpecification\",\"valueRequired\":true,\"valueName\":\"search_term_string\"}}],\"inLanguage\":\"de\"}]}<\/script>\n<!-- \/ Yoast SEO plugin. -->","yoast_head_json":{"title":"VIP & Guard | Van der Valk Taxiservice","description":"Van der Valk Taxiservice hat sein Dienstleistungspaket ausgebreitet mit VIP & Guard, qualitativ hochwertiger Transport und auf Wusch Personenschutz nach Ma\u00df.","robots":{"index":"index","follow":"follow","max-snippet":"max-snippet:-1","max-image-preview":"max-image-preview:large","max-video-preview":"max-video-preview:-1"},"canonical":"https:\/\/vandervalkgroup.nl\/de\/vip-guard\/","og_locale":"de_DE","og_type":"article","og_title":"VIP & Guard | Van der Valk Taxiservice","og_description":"Van der Valk Taxiservice hat sein Dienstleistungspaket ausgebreitet mit VIP & Guard, qualitativ hochwertiger Transport und auf Wusch Personenschutz nach Ma\u00df.","og_url":"https:\/\/vandervalkgroup.nl\/de\/vip-guard\/","og_site_name":"Van der Valk Group","article_modified_time":"2016-10-12T11:51:52+00:00","twitter_card":"summary_large_image","twitter_misc":{"Gesch\u00e4tzte Lesezeit":"6\u00a0Minuten"},"schema":{"@context":"https:\/\/schema.org","@graph":[{"@type":"WebPage","@id":"https:\/\/vandervalkgroup.nl\/de\/vip-guard\/","url":"https:\/\/vandervalkgroup.nl\/de\/vip-guard\/","name":"VIP & Guard | Van der Valk Taxiservice","isPartOf":{"@id":"https:\/\/vandervalkgroup.nl\/#website"},"datePublished":"2016-08-11T08:06:08+00:00","dateModified":"2016-10-12T11:51:52+00:00","description":"Van der Valk Taxiservice hat sein Dienstleistungspaket ausgebreitet mit VIP & Guard, qualitativ hochwertiger Transport und auf Wusch Personenschutz nach Ma\u00df.","breadcrumb":{"@id":"https:\/\/vandervalkgroup.nl\/de\/vip-guard\/#breadcrumb"},"inLanguage":"de","potentialAction":[{"@type":"ReadAction","target":["https:\/\/vandervalkgroup.nl\/de\/vip-guard\/"]}]},{"@type":"BreadcrumbList","@id":"https:\/\/vandervalkgroup.nl\/de\/vip-guard\/#breadcrumb","itemListElement":[{"@type":"ListItem","position":1,"name":"Home","item":"https:\/\/vandervalkgroup.nl\/de\/"},{"@type":"ListItem","position":2,"name":"VIP &#038; GUARD"}]},{"@type":"WebSite","@id":"https:\/\/vandervalkgroup.nl\/#website","url":"https:\/\/vandervalkgroup.nl\/","name":"Van der Valk Group","description":"Altijd in beweging","potentialAction":[{"@type":"SearchAction","target":{"@type":"EntryPoint","urlTemplate":"https:\/\/vandervalkgroup.nl\/?s={search_term_string}"},"query-input":{"@type":"PropertyValueSpecification","valueRequired":true,"valueName":"search_term_string"}}],"inLanguage":"de"}]}},"_links":{"self":[{"href":"https:\/\/vandervalkgroup.nl\/de\/wp-json\/wp\/v2\/pages\/228","targetHints":{"allow":["GET"]}}],"collection":[{"href":"https:\/\/vandervalkgroup.nl\/de\/wp-json\/wp\/v2\/pages"}],"about":[{"href":"https:\/\/vandervalkgroup.nl\/de\/wp-json\/wp\/v2\/types\/page"}],"author":[{"embeddable":true,"href":"https:\/\/vandervalkgroup.nl\/de\/wp-json\/wp\/v2\/users\/3"}],"replies":[{"embeddable":true,"href":"https:\/\/vandervalkgroup.nl\/de\/wp-json\/wp\/v2\/comments?post=228"}],"version-history":[{"count":0,"href":"https:\/\/vandervalkgroup.nl\/de\/wp-json\/wp\/v2\/pages\/228\/revisions"}],"wp:attachment":[{"href":"https:\/\/vandervalkgroup.nl\/de\/wp-json\/wp\/v2\/media?parent=228"}],"curies":[{"name":"wp","href":"https:\/\/api.w.org\/{rel}","templated":true}]}}